{"id":22,"date":"2023-06-26T13:29:46","date_gmt":"2023-06-26T16:29:46","guid":{"rendered":"https:\/\/tmslab.com.br\/blog\/?page_id=22"},"modified":"2023-06-28T11:10:31","modified_gmt":"2023-06-28T14:10:31","slug":"mesmerize","status":"publish","type":"page","link":"https:\/\/tmslab.com.br\/blog\/","title":{"rendered":"Front Page"},"content":{"rendered":"<div  id=\"latest-news-1\" style=\"background-color: #f5fafd;\" data-label=\"Latest-news\" data-id=\"blog-section\" data-export-id=\"blog-section\" data-category=\"latest_news\" class=\"blog-section blog-section-standard content-section content-section-spacing\"><div  class=\"gridContainer\"> <div  class=\"row\"><div  data-type=\"column\" class=\"section-title-col\"> <h2  class=\"\">Blog TMSLAB<\/h2> <\/div> <\/div> <div  class=\"row\"> <div  data-type=\"row\" data-dynamic-columns=\"handled\" data-content-shortcode=\"mesmerize_latest_news\">\t\t<div class=\"row center-sm content-left-sm\">\n\t\t\t\t\t<div id=\"post-52\" class=\"col-sm-6 col-md-4 space-bottom space-bottom-xs\">\n\t\t\t\t<div class=\"post-content card y-move bordered\">\n\t\t\t\t\t<div class=\"post-thumbnail\">\n   <a href=\"https:\/\/tmslab.com.br\/blog\/?p=52\" class=\"post-list-item-thumb \">\n      <img loading=\"lazy\" decoding=\"async\" width=\"960\" height=\"640\" src=\"https:\/\/tmslab.com.br\/blog\/wp-content\/uploads\/2024\/08\/solda.jpg\" class=\"attachment-post-thumbnail size-post-thumbnail wp-post-image\" alt=\"\" srcset=\"https:\/\/tmslab.com.br\/blog\/wp-content\/uploads\/2024\/08\/solda.jpg 960w, https:\/\/tmslab.com.br\/blog\/wp-content\/uploads\/2024\/08\/solda-300x200.jpg 300w, https:\/\/tmslab.com.br\/blog\/wp-content\/uploads\/2024\/08\/solda-768x512.jpg 768w\" sizes=\"auto, (max-width: 960px) 100vw, 960px\" \/>   <\/a>\n<\/div>\n\t\t\t\t\t<div class=\"col-padding col-padding-xs\">\n\t\t\t\t\t\t<h3 class=\"post-title space-bottom-small\">\n\t\t\t\t\t\t\t<a href=\"https:\/\/tmslab.com.br\/blog\/?p=52\" rel=\"bookmark\">\n\t\t\t\t\t\t\t\tA import\u00e2ncia do laborat\u00f3rio metal\u00fargico no presente e no futuro da soldagem\t\t\t\t\t\t\t<\/a>\n\t\t\t\t\t\t<\/h3>\n\t\t\t\t\t\t<p>Em um mundo onde a integridade estrutural \u00e9 fundamental, a soldagem emerge como um processo fundamental na fabrica\u00e7\u00e3o e manuten\u00e7\u00e3o de incont\u00e1veis componentes e estruturas. No entanto, a mera uni\u00e3o[&hellip;]<\/p>\n\t\t\t\t\t\t<a class=\"read-more link\" href=\"https:\/\/tmslab.com.br\/blog\/?p=52\">\n\t\t\t\t\t\t\tRead more\t\t\t\t\t\t<\/a>\n\t\t\t\t\t<\/div>\n\t\t\t\t<\/div>\n\t\t\t<\/div>\n\t\t\t\t\t\t<div id=\"post-49\" class=\"col-sm-6 col-md-4 space-bottom space-bottom-xs\">\n\t\t\t\t<div class=\"post-content card y-move bordered\">\n\t\t\t\t\t<div class=\"post-thumbnail\">\n   <a href=\"https:\/\/tmslab.com.br\/blog\/?p=49\" class=\"post-list-item-thumb \">\n      <img loading=\"lazy\" decoding=\"async\" width=\"1024\" height=\"433\" src=\"https:\/\/tmslab.com.br\/blog\/wp-content\/uploads\/2023\/06\/banner-1.jpg\" class=\"attachment-post-thumbnail size-post-thumbnail wp-post-image\" alt=\"\" srcset=\"https:\/\/tmslab.com.br\/blog\/wp-content\/uploads\/2023\/06\/banner-1.jpg 1661w, https:\/\/tmslab.com.br\/blog\/wp-content\/uploads\/2023\/06\/banner-1-300x127.jpg 300w, https:\/\/tmslab.com.br\/blog\/wp-content\/uploads\/2023\/06\/banner-1-1024x433.jpg 1024w, https:\/\/tmslab.com.br\/blog\/wp-content\/uploads\/2023\/06\/banner-1-768x325.jpg 768w, https:\/\/tmslab.com.br\/blog\/wp-content\/uploads\/2023\/06\/banner-1-1536x650.jpg 1536w\" sizes=\"auto, (max-width: 1024px) 100vw, 1024px\" \/>   <\/a>\n<\/div>\n\t\t\t\t\t<div class=\"col-padding col-padding-xs\">\n\t\t\t\t\t\t<h3 class=\"post-title space-bottom-small\">\n\t\t\t\t\t\t\t<a href=\"https:\/\/tmslab.com.br\/blog\/?p=49\" rel=\"bookmark\">\n\t\t\t\t\t\t\t\tTMS estende escopo CGCRE e prev\u00ea mais inova\u00e7\u00f5es\t\t\t\t\t\t\t<\/a>\n\t\t\t\t\t\t<\/h3>\n\t\t\t\t\t\t<p>Entre os dias 30 de janeiro e 3 de fevereiro de 2023, a TMS passou pela auditoria da Coordena\u00e7\u00e3o Geral de Acredita\u00e7\u00e3o do Inmetro (CGCRE). Segundo o portal on-line do[&hellip;]<\/p>\n\t\t\t\t\t\t<a class=\"read-more link\" href=\"https:\/\/tmslab.com.br\/blog\/?p=49\">\n\t\t\t\t\t\t\tRead more\t\t\t\t\t\t<\/a>\n\t\t\t\t\t<\/div>\n\t\t\t\t<\/div>\n\t\t\t<\/div>\n\t\t\t\t\t\t<div id=\"post-45\" class=\"col-sm-6 col-md-4 space-bottom space-bottom-xs\">\n\t\t\t\t<div class=\"post-content card y-move bordered\">\n\t\t\t\t\t<div class=\"post-thumbnail\">\n   <a href=\"https:\/\/tmslab.com.br\/blog\/?p=45\" class=\"post-list-item-thumb \">\n      <img loading=\"lazy\" decoding=\"async\" width=\"768\" height=\"792\" src=\"https:\/\/tmslab.com.br\/blog\/wp-content\/uploads\/2023\/08\/imagem.png\" class=\"attachment-post-thumbnail size-post-thumbnail wp-post-image\" alt=\"\" srcset=\"https:\/\/tmslab.com.br\/blog\/wp-content\/uploads\/2023\/08\/imagem.png 768w, https:\/\/tmslab.com.br\/blog\/wp-content\/uploads\/2023\/08\/imagem-291x300.png 291w\" sizes=\"auto, (max-width: 768px) 100vw, 768px\" \/>   <\/a>\n<\/div>\n\t\t\t\t\t<div class=\"col-padding col-padding-xs\">\n\t\t\t\t\t\t<h3 class=\"post-title space-bottom-small\">\n\t\t\t\t\t\t\t<a href=\"https:\/\/tmslab.com.br\/blog\/?p=45\" rel=\"bookmark\">\n\t\t\t\t\t\t\t\tTMS estende escopo CGCRE e prev\u00ea mais inova\u00e7\u00f5es\t\t\t\t\t\t\t<\/a>\n\t\t\t\t\t\t<\/h3>\n\t\t\t\t\t\t<p>Entre os dias 30 de janeiro e 3 de fevereiro de 2023, a TMS passou pela auditoria da Coordena\u00e7\u00e3o Geral de Acredita\u00e7\u00e3o do Inmetro (CGCRE). Segundo o portal on-line do[&hellip;]<\/p>\n\t\t\t\t\t\t<a class=\"read-more link\" href=\"https:\/\/tmslab.com.br\/blog\/?p=45\">\n\t\t\t\t\t\t\tRead more\t\t\t\t\t\t<\/a>\n\t\t\t\t\t<\/div>\n\t\t\t\t<\/div>\n\t\t\t<\/div>\n\t\t\t\t<\/div>\n\t<\/div><\/div> <div  class=\"row\"><div  class=\"text-center\"> <a  class=\"button color1\" data-attr-shortcode=\"href:mesmerize_blog_link\" href=\"https:\/\/tmslab.com.br\/blog\/?page_id=23\">VEJA MAIS<\/a><\/div> <\/div><\/div><\/div>","protected":false},"excerpt":{"rendered":"<p>Blog TMSLAB VEJA MAIS<\/p>\n","protected":false},"author":1,"featured_media":0,"parent":0,"menu_order":0,"comment_status":"closed","ping_status":"closed","template":"page-templates\/homepage.php","meta":{"footnotes":""},"class_list":["post-22","page","type-page","status-publish","hentry"],"_links":{"self":[{"href":"https:\/\/tmslab.com.br\/blog\/index.php?rest_route=\/wp\/v2\/pages\/22","targetHints":{"allow":["GET"]}}],"collection":[{"href":"https:\/\/tmslab.com.br\/blog\/index.php?rest_route=\/wp\/v2\/pages"}],"about":[{"href":"https:\/\/tmslab.com.br\/blog\/index.php?rest_route=\/wp\/v2\/types\/page"}],"author":[{"embeddable":true,"href":"https:\/\/tmslab.com.br\/blog\/index.php?rest_route=\/wp\/v2\/users\/1"}],"replies":[{"embeddable":true,"href":"https:\/\/tmslab.com.br\/blog\/index.php?rest_route=%2Fwp%2Fv2%2Fcomments&post=22"}],"version-history":[{"count":2,"href":"https:\/\/tmslab.com.br\/blog\/index.php?rest_route=\/wp\/v2\/pages\/22\/revisions"}],"predecessor-version":[{"id":27,"href":"https:\/\/tmslab.com.br\/blog\/index.php?rest_route=\/wp\/v2\/pages\/22\/revisions\/27"}],"wp:attachment":[{"href":"https:\/\/tmslab.com.br\/blog\/index.php?rest_route=%2Fwp%2Fv2%2Fmedia&parent=22"}],"curies":[{"name":"wp","href":"https:\/\/api.w.org\/{rel}","templated":true}]}}